{"id":7028,"date":"2025-12-15T12:02:52","date_gmt":"2025-12-15T11:02:52","guid":{"rendered":"https:\/\/tomoseateliers.fr\/?post_type=product&#038;p=7028"},"modified":"2025-12-15T12:02:52","modified_gmt":"2025-12-15T11:02:52","slug":"cours-de-couture-le-bonnet","status":"publish","type":"product","link":"https:\/\/tomoseateliers.fr\/?product=cours-de-couture-le-bonnet","title":{"rendered":"Cours de couture : le bonnet"},"content":{"rendered":"<div>\n<div>\n<div>\n<p>Vous pourrez choisir parmi de nombreuses couleurs de polaire et 3 tailles de bonnet.<\/p>\n<div>\n<div>\n<div>\n<p>Tout le mat\u00e9riel est fourni, m\u00eame le go\u00fbter !<\/p>\n<\/div>\n<\/div>\n<\/div>\n<\/div>\n<\/div>\n<\/div>\n","protected":false},"excerpt":{"rendered":"<p>Vous pourrez choisir parmi de nombreuses couleurs de polaire et 3 tailles de bonnet. Tout le mat\u00e9riel est fourni, m\u00eame&#8230;<\/p>\n","protected":false},"featured_media":7029,"template":"","meta":[],"product_brand":[],"product_cat":[56],"product_tag":[57],"class_list":{"0":"post-7028","1":"product","2":"type-product","3":"status-publish","4":"has-post-thumbnail","6":"product_cat-cours","7":"product_tag-cours","9":"first","10":"instock","11":"downloadable","12":"virtual","13":"purchasable","14":"product-type-simple"},"jetpack_sharing_enabled":true,"_links":{"self":[{"href":"https:\/\/tomoseateliers.fr\/index.php?rest_route=\/wp\/v2\/product\/7028","targetHints":{"allow":["GET"]}}],"collection":[{"href":"https:\/\/tomoseateliers.fr\/index.php?rest_route=\/wp\/v2\/product"}],"about":[{"href":"https:\/\/tomoseateliers.fr\/index.php?rest_route=\/wp\/v2\/types\/product"}],"version-history":[{"count":1,"href":"https:\/\/tomoseateliers.fr\/index.php?rest_route=\/wp\/v2\/product\/7028\/revisions"}],"predecessor-version":[{"id":7031,"href":"https:\/\/tomoseateliers.fr\/index.php?rest_route=\/wp\/v2\/product\/7028\/revisions\/7031"}],"wp:featuredmedia":[{"embeddable":true,"href":"https:\/\/tomoseateliers.fr\/index.php?rest_route=\/wp\/v2\/media\/7029"}],"wp:attachment":[{"href":"https:\/\/tomoseateliers.fr\/index.php?rest_route=%2Fwp%2Fv2%2Fmedia&parent=7028"}],"wp:term":[{"taxonomy":"product_brand","embeddable":true,"href":"https:\/\/tomoseateliers.fr\/index.php?rest_route=%2Fwp%2Fv2%2Fproduct_brand&post=7028"},{"taxonomy":"product_cat","embeddable":true,"href":"https:\/\/tomoseateliers.fr\/index.php?rest_route=%2Fwp%2Fv2%2Fproduct_cat&post=7028"},{"taxonomy":"product_tag","embeddable":true,"href":"https:\/\/tomoseateliers.fr\/index.php?rest_route=%2Fwp%2Fv2%2Fproduct_tag&post=7028"}],"curies":[{"name":"wp","href":"https:\/\/api.w.org\/{rel}","templated":true}]}}