{"id":5341,"date":"2025-10-29T10:37:31","date_gmt":"2025-10-29T09:37:31","guid":{"rendered":"https:\/\/tomoseateliers.fr\/?post_type=product&#038;p=5341"},"modified":"2025-11-25T12:49:27","modified_gmt":"2025-11-25T11:49:27","slug":"bonnet-vert-pomme","status":"publish","type":"product","link":"https:\/\/tomoseateliers.fr\/?product=bonnet-vert-pomme","title":{"rendered":"Le vert pomme"},"content":{"rendered":"<div class=\"product__description rte quick-add-hidden\">\n<p>Bonnet en polaire couleur vert pomme<\/p>\n<ul>\n<li>100% polyester, fabriqu\u00e9 \u00e0 partir d&rsquo;un plaid upcycl\u00e9 !<\/li>\n<li>Taille S = tour de t\u00eate de 54 \u00e0 56cm<\/li>\n<li>Taille M = tour de t\u00eate de 57 \u00e0 59cm<\/li>\n<li>Fabriqu\u00e9 \u00e0 Grenoble de fa\u00e7on artisanale.<\/li>\n<li>Envoi sous 3 \u00e0 4 jours ouvr\u00e9s.<\/li>\n<\/ul>\n<p>Entretien<\/p>\n<ul>\n<li>Lavage en machine \u00e0 30\u00b0<\/li>\n<li>Ne pas repasser<\/li>\n<li>Ne pas utiliser de s\u00e8che linge<\/li>\n<li>Ne pas blanchir.<\/li>\n<\/ul>\n<\/div>\n<p>&nbsp;<\/p>\n<p><em>Attention, selon votre \u00e9cran, les couleurs peuvent varier<\/em><\/p>\n<div class=\"product__description rte quick-add-hidden\">\n<p>&nbsp;<\/p>\n<\/div>\n","protected":false},"excerpt":{"rendered":"<p>Bonnet en polaire couleur vert pomme 100% polyester, fabriqu\u00e9 \u00e0 partir d&rsquo;un plaid upcycl\u00e9 ! Taille S = tour de&#8230;<\/p>\n","protected":false},"featured_media":6227,"template":"","meta":[],"product_brand":[],"product_cat":[49],"product_tag":[53],"class_list":{"0":"post-5341","1":"product","2":"type-product","3":"status-publish","4":"has-post-thumbnail","6":"product_cat-bonnets","7":"product_tag-bonnet","8":"product_shipping_class-bonnets","10":"first","11":"instock","12":"shipping-taxable","13":"purchasable","14":"product-type-variable"},"jetpack_sharing_enabled":true,"_links":{"self":[{"href":"https:\/\/tomoseateliers.fr\/index.php?rest_route=\/wp\/v2\/product\/5341","targetHints":{"allow":["GET"]}}],"collection":[{"href":"https:\/\/tomoseateliers.fr\/index.php?rest_route=\/wp\/v2\/product"}],"about":[{"href":"https:\/\/tomoseateliers.fr\/index.php?rest_route=\/wp\/v2\/types\/product"}],"version-history":[{"count":10,"href":"https:\/\/tomoseateliers.fr\/index.php?rest_route=\/wp\/v2\/product\/5341\/revisions"}],"predecessor-version":[{"id":6872,"href":"https:\/\/tomoseateliers.fr\/index.php?rest_route=\/wp\/v2\/product\/5341\/revisions\/6872"}],"wp:featuredmedia":[{"embeddable":true,"href":"https:\/\/tomoseateliers.fr\/index.php?rest_route=\/wp\/v2\/media\/6227"}],"wp:attachment":[{"href":"https:\/\/tomoseateliers.fr\/index.php?rest_route=%2Fwp%2Fv2%2Fmedia&parent=5341"}],"wp:term":[{"taxonomy":"product_brand","embeddable":true,"href":"https:\/\/tomoseateliers.fr\/index.php?rest_route=%2Fwp%2Fv2%2Fproduct_brand&post=5341"},{"taxonomy":"product_cat","embeddable":true,"href":"https:\/\/tomoseateliers.fr\/index.php?rest_route=%2Fwp%2Fv2%2Fproduct_cat&post=5341"},{"taxonomy":"product_tag","embeddable":true,"href":"https:\/\/tomoseateliers.fr\/index.php?rest_route=%2Fwp%2Fv2%2Fproduct_tag&post=5341"}],"curies":[{"name":"wp","href":"https:\/\/api.w.org\/{rel}","templated":true}]}}