{"id":4127,"date":"2025-05-06T05:45:14","date_gmt":"2025-05-06T03:45:14","guid":{"rendered":"https:\/\/tomoseateliers.fr\/?page_id=4127"},"modified":"2025-11-12T11:38:34","modified_gmt":"2025-11-12T10:38:34","slug":"cgv","status":"publish","type":"page","link":"https:\/\/tomoseateliers.fr\/?page_id=4127","title":{"rendered":"CGV"},"content":{"rendered":"\t\t<div data-elementor-type=\"wp-page\" data-elementor-id=\"4127\" class=\"elementor elementor-4127\">\n\t\t\t\t<div class=\"elementor-element elementor-element-f5a65cb e-flex e-con-boxed wpr-particle-no wpr-jarallax-no wpr-parallax-no wpr-sticky-section-no wpr-column-slider-no wpr-equal-height-no e-con e-parent\" data-id=\"f5a65cb\" data-element_type=\"container\" data-e-type=\"container\">\n\t\t\t\t\t<div class=\"e-con-inner\">\n\t\t\t\t<div class=\"elementor-element elementor-element-53c1d19 elementor-widget elementor-widget-heading\" data-id=\"53c1d19\" data-element_type=\"widget\" data-e-type=\"widget\" data-widget_type=\"heading.default\">\n\t\t\t\t<div class=\"elementor-widget-container\">\n\t\t\t\t\t<h1 class=\"elementor-heading-title elementor-size-default\">Conditions g\u00e9n\u00e9rales de vente (CGV)<\/h1>\t\t\t\t<\/div>\n\t\t\t\t<\/div>\n\t\t\t\t<div class=\"elementor-element elementor-element-0fb5b00 elementor-widget elementor-widget-text-editor\" data-id=\"0fb5b00\" data-element_type=\"widget\" data-e-type=\"widget\" data-widget_type=\"text-editor.default\">\n\t\t\t\t<div class=\"elementor-widget-container\">\n\t\t\t\t\t\t\t\t\t<pre><em>Mises \u00e0 jour le 05\/11\/2025<\/em><\/pre><p>En acceptant les conditions de l&rsquo;entreprise individuelle (EI) <strong>Tomose Ateliers<\/strong> vous reconnaissez avoir lu, compris et adh\u00e9r\u00e9 \u00e0 ces conditions g\u00e9n\u00e9rales de vente (ci-apr\u00e8s \u00ab <b>CGV\u00a0<\/b>\u00bb).<\/p><p>Ces CGV d\u00e9finissent les conditions g\u00e9n\u00e9rales selon lesquelles <strong>Tomose Ateliers<\/strong> vend ses Produits et Services<i>.<\/i><\/p><p>Les pr\u00e9sentes CGV s\u2019appliquent entre\u00a0:\u00a0<\/p><p><b>Tomose Ateliers, <\/b>entreprise individuelle, dont le si\u00e8ge social est situ\u00e9 au 63 rue du drac \u00e0 GRENOBLE (38000), enregistr\u00e9e au RCS de GRENOBLE sous le num\u00e9ro 822.969.010.<\/p><p>(ci-apr\u00e8s \u00ab <strong>Tomose Ateliers<\/strong>\u00bb) ;\u00a0<\/p><p><b>ET<\/b><\/p><p>Toute personne physique ou morale qui souhaite b\u00e9n\u00e9ficier des Produits ou services de <strong>Tomose Ateliers<\/strong>,<\/p><p>(ci-apr\u00e8s le \u00ab <b>Client <\/b>\u00bb)\u00a0<\/p><p>Le <strong>Client<\/strong> et <strong>Tomose Ateliers<\/strong> sont ci-apr\u00e8s d\u00e9sign\u00e9s, ensemble, les \u00ab <b>Parties\u00a0<\/b>\u00bb, ou, individuellement, une \u00ab\u00a0<b>Partie<\/b>\u00a0\u00bb.<\/p><h4>\u00a0<\/h4><h4>Article 1. Objet et application des CGV<\/h4><ul><li>La conclusion d\u2019un contrat de prestation de service ou de vente de produits entre le <strong>Client<\/strong> et <strong>Tomose Ateliers<\/strong> implique l\u2019adh\u00e9sion enti\u00e8re et sans r\u00e9serve aux pr\u00e9sentes conditions g\u00e9n\u00e9rales de vente.<\/li><li>Toutes conditions pos\u00e9es par le <strong>Client<\/strong> seront donc, \u00e0 d\u00e9faut d\u2019acceptation pr\u00e9alable par <strong>Tomose Ateliers<\/strong>, irrecevables.<\/li><li>Ces conditions g\u00e9n\u00e9rales de vente peuvent faire l\u2019objet de modifications par <strong>Tomose Ateliers<\/strong> \u00e0 sa discr\u00e9tion.<\/li><li>Les conditions applicables sont celles en vigueur au moment de la signature du devis ou de l&rsquo;achat en ligne par le <strong>Client<\/strong>.<\/li><\/ul><h4>\u00a0<\/h4><h4>Article 2. Conditions applicables aux ateliers de couture<\/h4><h5><strong>2.1 R\u00e9servation<\/strong><\/h5><ul><li>Les r\u00e9servations sont valid\u00e9es apr\u00e8s r\u00e9ception par <strong>Tomose Ateliers<\/strong> du paiement de la totalit\u00e9 du montant de l&rsquo;atelier par le <strong>Client<\/strong>.<\/li><li>Le <strong>Client<\/strong> s&rsquo;engage \u00e0 respecter le mat\u00e9riel mis \u00e0 sa disposition par <strong>Tomose Ateliers<\/strong> et \u00e0 remplacer tout mat\u00e9riel rendu inutilisable ou partiellement utilisable par sa mauvaise utilisation ou son manque d&rsquo;attention.<\/li><li>Les informations communiqu\u00e9es par le <strong>Client<\/strong> lors de sa r\u00e9servation engagent celui-ci : en cas d\u2019erreur dans le libell\u00e9 de ses coordonn\u00e9es, <strong>Tomose Ateliers<\/strong> ne saurait \u00eatre tenu responsable de l\u2019impossibilit\u00e9 de communiquer avec ce dernier.<\/li><\/ul><h5><strong>2.2 Modalit\u00e9s de paiement <br \/><\/strong><\/h5><ul><li>Les prix sont exprim\u00e9s en Euros, toutes taxes comprises, \u00e0 l&rsquo;exception de la TVA \u00e0 laquelle <strong>Tomose Ateliers<\/strong> n&rsquo;est pas assujetti.<\/li><\/ul><h5><strong>2.3 Conditions d&rsquo;annulation <br \/><\/strong><\/h5><ul><li>Toute demande d&rsquo;annulation par le <strong>Client<\/strong> doit intervenir au moins 5 jours ouvr\u00e9s avant la date de l&rsquo;atelier pour donner lieu \u00e0 remboursement.\u00a0<\/li><li>Pass\u00e9 ce d\u00e9lai, aucun remboursement ne sera effectu\u00e9.<\/li><\/ul><h5><strong>2.4 Retard et report de l&rsquo;atelier <br \/><\/strong><\/h5><ul><li><strong>Tomose Ateliers<\/strong> ne peut \u00eatre tenu pour responsable des retards et emp\u00eachements occasionn\u00e9s par le moyen de transport du <strong>Client<\/strong> (train, RER, m\u00e9tro, avion, voiture, v\u00e9lo, etc.). Le retard ne donnera lieu \u00e0 aucun remboursement, m\u00eame partiel de l&rsquo;atelier.<\/li><\/ul><h4>\u00a0<\/h4><h4>Article 3. Conditions applicables \u00e0 la commande de produits sur-mesure (pour les professionnels)<\/h4><h5><strong>3.1 Commande<\/strong><\/h5><ul><li>Les commandes de produits sur-mesure deviennent d\u00e9finitives apr\u00e8s r\u00e9ception par <strong>Tomose Ateliers<\/strong> d\u2019un exemplaire du devis d\u00fbment sign\u00e9 par le <strong>Client<\/strong> et rev\u00eatu de la mention \u00ab lu et approuv\u00e9, bon pour accord \u00bb et du r\u00e8glement d\u2019un acompte de 30% du montant TTC de la commande.<\/li><\/ul><h5><strong>3.2 Modalit\u00e9s de paiement <br \/><\/strong><\/h5><ul><li>Le paiement du solde est d\u00fb au plus tard 30 jours apr\u00e8s la date de r\u00e9ception des marchandises par le <strong>Client<\/strong>.<\/li><li>En cas de d\u00e9faut de r\u00e8glement sous 30 jours \u00e0 compter de la date de\u00a0 r\u00e9ception des Produits par le <strong>Client<\/strong>, toute somme due portera int\u00e9r\u00eat sans formalit\u00e9 pr\u00e9alable \u00e0 compter de ladite \u00e9ch\u00e9ance et jusqu&rsquo;\u00e0 paiement int\u00e9gral, \u00e0 un taux minimum \u00e9gal \u00e0 une fois et demie le taux de l&rsquo;int\u00e9r\u00eat l\u00e9gal pour l&rsquo;ann\u00e9e en cours.<\/li><\/ul><h5><strong>3.3 Conditions de remboursement<\/strong><\/h5><ul><li>A l&rsquo;exception de d\u00e9faut de fabrication manifeste rendant l&rsquo;objet impropre \u00e0 l&rsquo;usage auquel il \u00e9tait destin\u00e9, les Produits command\u00e9s \u00e9tant personnalis\u00e9s et sur-mesure, ils ne pourront pas faire l&rsquo;objet d&rsquo;un remboursement ou d&rsquo;un retour.\u00a0<\/li><\/ul><h4>\u00a0<\/h4><h4>Article 4. Conditions applicables \u00e0 la commande de produits sur le site (pour les particuliers)<\/h4><h5><strong>4.1 Commande<\/strong><\/h5><ul><li>Le <strong>Client<\/strong> est tenu de prendre connaissance attentivement des CGV avant de proc\u00e9der \u00e0 une commande de Produits.\u00a0<\/li><li>En proc\u00e9dant au paiement, le <strong>Client<\/strong> accepte irr\u00e9vocablement les CGV applicables \u00e0 la date de la commande et reconnait en avoir pris connaissance.<\/li><li>D\u00e8s r\u00e9ception par <strong>Tomose Ateliers<\/strong> du paiement de la commande du <strong>Client<\/strong>, un contrat de vente est conclu, aux conditions des pr\u00e9sentes conditions, entre les Parties.<\/li><\/ul><h5><strong>4.2 Le prix<\/strong><\/h5><ul><li>Le prix est indiqu\u00e9 lors de la confirmation de la commande.\u00a0\u00a0<\/li><li>Les prix sont indiqu\u00e9s en Euro (\u20ac) et sont TTC.<\/li><\/ul><h5><strong>4.3 Livraison<\/strong><\/h5><ul><li>La livraison des Produits command\u00e9s sera effectu\u00e9e \u00e0 l\u2019adresse indiqu\u00e9e lors de la commande du Client comme \u00e9tant l\u2019\u00ab <i>adresse de livraison<\/i> \u00bb (qui peut \u00eatre diff\u00e9rente de l\u2019adresse de facturation). Les informations communiqu\u00e9es par le <strong>Client<\/strong> engagent celui-ci. <strong>Tomose Ateliers<\/strong> ne saurait \u00eatre tenu responsable d&rsquo;un \u00e9chec de livraison pour cause d&rsquo;informations erron\u00e9es.\u00a0<\/li><li>Les frais de livraison des Produits command\u00e9s sont indiqu\u00e9s \u00e0 l\u2019\u00e9tape de paiement de la commande.<\/li><li>La responsabilit\u00e9 de <strong>Tomose Ateliers<\/strong> ne pourra \u00eatre engag\u00e9e pour un retard de livraison et le <strong>Client<\/strong> ne sera \u00e9ligible \u00e0 aucune indemnit\u00e9 \u00e0 ce titre.\u00a0<\/li><li>En cas de disparition, vol, dommage ou d\u00e9t\u00e9rioration quelconque des marchandises livr\u00e9es par un transporteur, il incombe au <strong>Client<\/strong> d\u2019exercer tout recours l\u00e9gaux contre le transporteur, conform\u00e9ment aux articles L. 133-3 et L. 133-4 du Code de commerce. <strong>Tomose Ateliers<\/strong> ne saurait \u00eatre tenu responsable d&rsquo;un quelconque dommage subit par le Produit.<\/li><\/ul><h5><strong>4.4 Droit de r\u00e9tractation (retour \/ remboursement)<\/strong><\/h5><ul><li>En application de l\u2019article L121-18 du Code de la consommation, le Client dispose d\u2019un d\u00e9lai de quatorze jours (14) ouvrables \u00e0 compter de la r\u00e9ception du Produit command\u00e9 pour exercer son droit de r\u00e9tractation et solliciter l\u2019\u00e9change ou le remboursement du Produit command\u00e9.<\/li><li>Ce droit de r\u00e9tractation peut \u00eatre exerc\u00e9 que sous r\u00e9serve du respect des conditions suivantes :<ul><li>Le ou les Produits ne doivent pas avoir \u00e9t\u00e9 endommag\u00e9s et doivent \u00eatre en parfait \u00e9tat ; et<\/li><li>Le ou les Produits doivent \u00eatre restitu\u00e9s dans leur emballage d\u2019origine ou un emballage similaire.<\/li><\/ul><\/li><\/ul><ul><li>Les frais de retour sont \u00e0 la charge du <strong>Client.<\/strong><\/li><li>Le <strong>Client<\/strong> doit informer <strong>Tomose Ateliers<\/strong> de son souhait de faire un retour avant de renvoyer le produit afin de s&rsquo;assurer que les conditions de retour sont remplies.\u00a0<\/li><\/ul><h5><strong>4.5 Demande d&rsquo;\u00e9change<\/strong><\/h5><ul><li>Le <strong>Client<\/strong> dispose de 14 jours \u00e0 compter de la r\u00e9ception des marchandises pour adresser une demande d&rsquo;\u00e9change \u00e0 <strong>Tomose Ateliers<\/strong>.<\/li><li>L&rsquo;\u00e9change ne pourra \u00eatre accord\u00e9 qu&rsquo;\u00e0 condition que :<ul><li>Le ou les Produits n&rsquo;aient pas \u00e9t\u00e9 endommag\u00e9s et soient en parfait \u00e9tat ; et<\/li><li>Le ou les Produits soient restitu\u00e9s dans leur emballage d\u2019origine ou un emballage similaire.<\/li><\/ul><\/li><li>Les frais de retour sont \u00e0 la charge du <strong>Client<\/strong>.<\/li><\/ul><h4>Article 5. Droit applicable et juridiction comp\u00e9tente<\/h4><ul><li>Les pr\u00e9sentes conditions g\u00e9n\u00e9rales de vente sont soumises au droit fran\u00e7ais.<\/li><li>En cas de contestation portant sur leur application ou leur interpr\u00e9tation, les parties conviennent de rechercher une solution amiable.<\/li><li>A d\u00e9faut, les tribunaux du ressort de la cour d\u2019appel de Grenoble seront seuls comp\u00e9tents.<\/li><\/ul><p><!-- notionvc: 511c84c4-0258-42c9-adb1-7557b2ec2685 --><\/p>\t\t\t\t\t\t\t\t<\/div>\n\t\t\t\t<\/div>\n\t\t\t\t\t<\/div>\n\t\t\t\t<\/div>\n\t\t\t\t<\/div>\n\t\t","protected":false},"excerpt":{"rendered":"<p>Conditions g\u00e9n\u00e9rales de vente (CGV) Mises \u00e0 jour le 05\/11\/2025 En acceptant les conditions de l&rsquo;entreprise individuelle (EI) Tomose Ateliers&#8230;<\/p>\n","protected":false},"author":1,"featured_media":0,"parent":0,"menu_order":0,"comment_status":"closed","ping_status":"closed","template":"","meta":{"footnotes":""},"class_list":["post-4127","page","type-page","status-publish","hentry"],"jetpack_sharing_enabled":true,"_links":{"self":[{"href":"https:\/\/tomoseateliers.fr\/index.php?rest_route=\/wp\/v2\/pages\/4127","targetHints":{"allow":["GET"]}}],"collection":[{"href":"https:\/\/tomoseateliers.fr\/index.php?rest_route=\/wp\/v2\/pages"}],"about":[{"href":"https:\/\/tomoseateliers.fr\/index.php?rest_route=\/wp\/v2\/types\/page"}],"author":[{"embeddable":true,"href":"https:\/\/tomoseateliers.fr\/index.php?rest_route=\/wp\/v2\/users\/1"}],"replies":[{"embeddable":true,"href":"https:\/\/tomoseateliers.fr\/index.php?rest_route=%2Fwp%2Fv2%2Fcomments&post=4127"}],"version-history":[{"count":152,"href":"https:\/\/tomoseateliers.fr\/index.php?rest_route=\/wp\/v2\/pages\/4127\/revisions"}],"predecessor-version":[{"id":6444,"href":"https:\/\/tomoseateliers.fr\/index.php?rest_route=\/wp\/v2\/pages\/4127\/revisions\/6444"}],"wp:attachment":[{"href":"https:\/\/tomoseateliers.fr\/index.php?rest_route=%2Fwp%2Fv2%2Fmedia&parent=4127"}],"curies":[{"name":"wp","href":"https:\/\/api.w.org\/{rel}","templated":true}]}}